{"id":270,"date":"2019-03-17T15:44:32","date_gmt":"2019-03-17T14:44:32","guid":{"rendered":"https:\/\/www.beulen-meister.de\/dellentechnik\/?page_id=270"},"modified":"2023-12-10T15:58:39","modified_gmt":"2023-12-10T14:58:39","slug":"dellentechnik-huellen-luenebach","status":"publish","type":"page","link":"https:\/\/www.beulen-meister.de\/dellentechnik\/","title":{"rendered":"Dellentechnik H\u00fcllen L\u00fcnebach"},"content":{"rendered":"\t\t<div data-elementor-type=\"wp-post\" data-elementor-id=\"270\" class=\"elementor elementor-270\">\n\t\t\t\t\t\t\t\t\t<section class=\"elementor-section elementor-top-section elementor-element elementor-element-b901532 elementor-section-boxed elementor-section-height-default elementor-section-height-default\" data-id=\"b901532\" data-element_type=\"section\">\n\t\t\t\t\t\t<div class=\"elementor-container elementor-column-gap-default\">\n\t\t\t\t\t<div class=\"elementor-column elementor-col-100 elementor-top-column elementor-element elementor-element-b59b097\" data-id=\"b59b097\" data-element_type=\"column\">\n\t\t\t<div class=\"elementor-widget-wrap elementor-element-populated\">\n\t\t\t\t\t\t\t\t<div class=\"elementor-element elementor-element-5788966 elementor-widget elementor-widget-heading\" data-id=\"5788966\" data-element_type=\"widget\" data-widget_type=\"heading.default\">\n\t\t\t\t<div class=\"elementor-widget-container\">\n\t\t\t<h4 class=\"elementor-heading-title elementor-size-default\">Ihr Ansprechpartner in Sachen Smart Repair<\/h4>\t\t<\/div>\n\t\t\t\t<\/div>\n\t\t\t\t\t<\/div>\n\t\t<\/div>\n\t\t\t\t\t\t\t<\/div>\n\t\t<\/section>\n\t\t\t\t<section class=\"elementor-section elementor-top-section elementor-element elementor-element-f55ba84 elementor-section-boxed elementor-section-height-default elementor-section-height-default\" data-id=\"f55ba84\" data-element_type=\"section\">\n\t\t\t\t\t\t<div class=\"elementor-container elementor-column-gap-default\">\n\t\t\t\t\t<div class=\"elementor-column elementor-col-100 elementor-top-column elementor-element elementor-element-7e72c83\" data-id=\"7e72c83\" data-element_type=\"column\">\n\t\t\t<div class=\"elementor-widget-wrap elementor-element-populated\">\n\t\t\t\t\t\t\t\t<div class=\"elementor-element elementor-element-e921b59 elementor-widget__width-auto elementor-widget elementor-widget-text-editor\" data-id=\"e921b59\" data-element_type=\"widget\" data-widget_type=\"text-editor.default\">\n\t\t\t\t<div class=\"elementor-widget-container\">\n\t\t\t\t\t\t\t<p><span style=\"color: var( --e-global-color-text ); font-family: var( --e-global-typography-text-font-family ), Sans-serif; font-weight: var( --e-global-typography-text-font-weight );\">Wir arbeiten im\u00a0 Raum Pr\u00fcm\u00a0<\/span><span style=\"color: var( --e-global-color-text ); font-family: var( --e-global-typography-text-font-family ), Sans-serif; font-weight: var( --e-global-typography-text-font-weight );\">\/ Bitburg \/ Luxembourg \/ Belgien\u00a0<\/span><span style=\"color: var( --e-global-color-text ); font-family: var( --e-global-typography-text-font-family ), Sans-serif; font-weight: var( --e-global-typography-text-font-weight );\">kosteng\u00fcnstig und schnell.<\/span><\/p><p>Unsere T\u00e4tigkeitsfelder:<\/p><p><span style=\"color: var( --e-global-color-text ); font-family: var( --e-global-typography-text-font-family ), Sans-serif; font-weight: var( --e-global-typography-text-font-weight );\">\u2713 Smart Repair sie sparen bis zu 1.000\u20ac gegen\u00fcber dem Standard<\/span><\/p><p><span style=\"color: var( --e-global-color-text ); font-family: var( --e-global-typography-text-font-family ), Sans-serif; font-weight: var( --e-global-typography-text-font-weight );\">\u2713 Hagelschaden \/ Parkrempler meist ohne Spachtel und Lackierarbeiten an Ihrem Auto<\/span><\/p><p><span style=\"color: var( --e-global-color-text ); font-family: var( --e-global-typography-text-font-family ), Sans-serif; font-weight: var( --e-global-typography-text-font-weight );\">\u2713 Ausbeulen auch von gr\u00f6\u00dferen Dellen an Fahrzeugen oder auch Motorradtanks<\/span><\/p><p><span style=\"color: var( --e-global-color-text ); font-family: var( --e-global-typography-text-font-family ), Sans-serif; font-weight: var( --e-global-typography-text-font-weight );\">\u2713 Unsere Reparaturmethoden sind von KFZ Versicherungen anerkannt<\/span><\/p><p><span style=\"color: var( --e-global-color-text ); font-family: var( --e-global-typography-text-font-family ), Sans-serif; font-weight: var( --e-global-typography-text-font-weight );\">\u2713 Leichte Kratzer entfernen<\/span><\/p><p><span style=\"color: var( --e-global-color-text ); font-family: var( --e-global-typography-text-font-family ), Sans-serif; font-weight: var( --e-global-typography-text-font-weight );\">\u2713 Fahrzeugaufbereitung, innen und au\u00dfen<\/span><\/p><p><span style=\"color: var( --e-global-color-text ); font-family: var( --e-global-typography-text-font-family ), Sans-serif; font-weight: var( --e-global-typography-text-font-weight );\">Smart Repair, ist eine preiswerte Art der Fahrzeugaufbereitung.<\/span><\/p><p><span style=\"color: var( --e-global-color-text ); font-family: var( --e-global-typography-text-font-family ), Sans-serif; font-weight: var( --e-global-typography-text-font-weight );\">Wir haben \u00fcber 20 Jahren Erfahrung mit dem Verfahren Dellentechnik (ausbeulen ohne lackieren), und reihen uns mit Stolz in die Zunft der Dellendoktoren ein.<\/span><\/p><p><span style=\"color: var( --e-global-color-text ); font-family: var( --e-global-typography-text-font-family ), Sans-serif; font-weight: var( --e-global-typography-text-font-weight );\">Sehr oft sind Dellen und Beulen an Fahrzeugen mit dieser Methode kosteng\u00fcnstig zu entfernen. Sogar Autos mit Hagelschaden lassen sich bis zu einem gewissen Grad nahezu in den Uhrzustand versetzten.<\/span><\/p><p><span style=\"color: var( --e-global-color-text ); font-family: var( --e-global-typography-text-font-family ), Sans-serif; font-weight: var( --e-global-typography-text-font-weight );\">Sie fahren auf einen Parkplatz, im nebenstehenden PKW wird die T\u00fcr unachtsam ge\u00f6ffnet und schon ist eine Beule in der T\u00fcr (Parkrempler), oftmals genau an einer Kante hohe Kosten entstehen.<\/span><\/p><p><span style=\"color: var( --e-global-color-text ); font-family: var( --e-global-typography-text-font-family ), Sans-serif; font-weight: var( --e-global-typography-text-font-weight );\">Das l\u00e4sst sich ebenfalls in vielen F\u00e4llen v\u00f6llig r\u00fcckstandslos und preiswert ausbeulen. Wenn der Lack nicht besch\u00e4digt ist geht das Dellen entfernen meist ohne Spachtel- und Lackierarbeiten.<\/span><\/p><p><span style=\"color: var( --e-global-color-text ); font-family: var( --e-global-typography-text-font-family ), Sans-serif; font-weight: var( --e-global-typography-text-font-weight );\">Was kostet Smart Repair?<\/span><\/p><p>Die genaue Kostenermittlung ist nur nach einer Besichtigung des Schadens m\u00f6glich. Bei einer Besichtigung wird der Schaden fachm\u00e4nnisch begutachtet und der Aufwand f\u00fcr die Reparatur ermittelt. Die Besichtigung ist in der Regel kostenlos.<\/p><p>Wir sind der richtige Ansprechpartner f\u00fcr Sie, wenn Sie:<\/p><ul><li>eine Beule in Ihrem Fahrzeug haben, die Sie schnell und unkompliziert entfernen lassen m\u00f6chten<\/li><li><span style=\"color: var( --e-global-color-text ); font-family: var( --e-global-typography-text-font-family ), Sans-serif; font-weight: var( --e-global-typography-text-font-weight );\">Wert auf eine hochwertige Reparatur legen\u00a0<\/span><\/li><li><span style=\"color: var( --e-global-color-text ); font-family: var( --e-global-typography-text-font-family ), Sans-serif; font-weight: var( --e-global-typography-text-font-weight );\">auf einen fairen Preis Wert legen<\/span><\/li><\/ul><p>Unsere Vorteile:<\/p><ul><li>Hochqualifizierte und erfahrene Techniker<\/li><li>Modernste Verfahren<\/li><li>Schnelle und unkomplizierte Reparatur<\/li><li>Fairer Preis<\/li><\/ul><p>Wir beraten Sie gerne und unverbindlich zu Ihrem individuellen Bedarf. <br \/>Kontaktieren Sie uns noch heute und vereinbaren einen Termin.<\/p><p>Wir freuen uns auf Ihren Auftrag!<\/p><p><span style=\"color: var( --e-global-color-text ); font-family: var( --e-global-typography-text-font-family ), Sans-serif; font-weight: var( --e-global-typography-text-font-weight );\">Vorab k\u00f6nnen Sie gerne ein Foto der Beule oder des Hagelschaden an uns schicken.<\/span><\/p><p><span style=\"color: var( --e-global-color-text ); font-family: var( --e-global-typography-text-font-family ), Sans-serif;\">WhatsApp: <br \/>+49 (0) 160 902 873 37<\/span><\/p>\t\t\t\t\t\t<\/div>\n\t\t\t\t<\/div>\n\t\t\t\t<div class=\"elementor-element elementor-element-a6ffc00 elementor-widget elementor-widget-text-editor\" data-id=\"a6ffc00\" data-element_type=\"widget\" data-widget_type=\"text-editor.default\">\n\t\t\t\t<div class=\"elementor-widget-container\">\n\t\t\t\t\t\t\t\t\t\t\t\t\t<\/div>\n\t\t\t\t<\/div>\n\t\t\t\t\t<\/div>\n\t\t<\/div>\n\t\t\t\t\t\t\t<\/div>\n\t\t<\/section>\n\t\t\t\t<section class=\"elementor-section elementor-top-section elementor-element elementor-element-9d9c577 elementor-section-boxed elementor-section-height-default elementor-section-height-default\" data-id=\"9d9c577\" data-element_type=\"section\">\n\t\t\t\t\t\t<div class=\"elementor-container elementor-column-gap-default\">\n\t\t\t\t\t<div class=\"elementor-column elementor-col-100 elementor-top-column elementor-element elementor-element-9128044\" data-id=\"9128044\" data-element_type=\"column\">\n\t\t\t<div class=\"elementor-widget-wrap elementor-element-populated\">\n\t\t\t\t\t\t\t\t<div class=\"elementor-element elementor-element-eef51d4 elementor-widget elementor-widget-heading\" data-id=\"eef51d4\" data-element_type=\"widget\" data-widget_type=\"heading.default\">\n\t\t\t\t<div class=\"elementor-widget-container\">\n\t\t\t<h5 class=\"elementor-heading-title elementor-size-default\"><a href=\"https:\/\/www.beulen-meister.de\/dellentechnik\/fotos-smart-repair\/\">Hier einige Refferenzen zu unseren \nSmart Repair arbeiten.<\/a><\/h5>\t\t<\/div>\n\t\t\t\t<\/div>\n\t\t\t\t\t<\/div>\n\t\t<\/div>\n\t\t\t\t\t\t\t<\/div>\n\t\t<\/section>\n\t\t\t\t<section class=\"elementor-section elementor-top-section elementor-element elementor-element-013aed4 elementor-section-full_width elementor-section-height-default elementor-section-height-default\" data-id=\"013aed4\" data-element_type=\"section\">\n\t\t\t\t\t\t<div class=\"elementor-container elementor-column-gap-default\">\n\t\t\t\t\t<div class=\"elementor-column elementor-col-100 elementor-top-column elementor-element elementor-element-aa390d3\" data-id=\"aa390d3\" data-element_type=\"column\">\n\t\t\t<div class=\"elementor-widget-wrap elementor-element-populated\">\n\t\t\t\t\t\t\t\t<div class=\"elementor-element elementor-element-ced41c7 gallery-spacing-custom elementor-widget__width-auto elementor-widget elementor-widget-image-gallery\" data-id=\"ced41c7\" data-element_type=\"widget\" data-widget_type=\"image-gallery.default\">\n\t\t\t\t<div class=\"elementor-widget-container\">\n\t\t\t\t\t<div class=\"elementor-image-gallery\">\n\t\t\t<div id='gallery-1' class='gallery galleryid-270 gallery-columns-3 gallery-size-thumbnail'><figure class='gallery-item'>\n\t\t\t<div class='gallery-icon landscape'>\n\t\t\t\t<a data-elementor-open-lightbox=\"yes\" data-elementor-lightbox-slideshow=\"ced41c7\" data-elementor-lightbox-title=\"20130308_153806\" data-e-action-hash=\"#elementor-action%3Aaction%3Dlightbox%26settings%3DeyJpZCI6MzM4LCJ1cmwiOiJodHRwczpcL1wvd3d3LmJldWxlbi1tZWlzdGVyLmRlXC9kZWxsZW50ZWNobmlrXC93cC1jb250ZW50XC91cGxvYWRzXC8yMDE5XC8wM1wvMjAxMzAzMDhfMTUzODA2LmpwZyIsInNsaWRlc2hvdyI6ImNlZDQxYzcifQ%3D%3D\" href='https:\/\/www.beulen-meister.de\/dellentechnik\/wp-content\/uploads\/2019\/03\/20130308_153806.jpg'><img decoding=\"async\" width=\"150\" height=\"150\" src=\"https:\/\/www.beulen-meister.de\/dellentechnik\/wp-content\/uploads\/2019\/03\/20130308_153806-150x150.jpg\" class=\"attachment-thumbnail size-thumbnail\" alt=\"\" srcset=\"https:\/\/www.beulen-meister.de\/dellentechnik\/wp-content\/uploads\/2019\/03\/20130308_153806-150x150.jpg 150w, https:\/\/www.beulen-meister.de\/dellentechnik\/wp-content\/uploads\/2019\/03\/20130308_153806-100x100.jpg 100w\" sizes=\"(max-width: 150px) 100vw, 150px\" \/><\/a>\n\t\t\t<\/div><\/figure><figure class='gallery-item'>\n\t\t\t<div class='gallery-icon landscape'>\n\t\t\t\t<a data-elementor-open-lightbox=\"yes\" data-elementor-lightbox-slideshow=\"ced41c7\" data-elementor-lightbox-title=\"20130308_153824\" data-e-action-hash=\"#elementor-action%3Aaction%3Dlightbox%26settings%3DeyJpZCI6MzQwLCJ1cmwiOiJodHRwczpcL1wvd3d3LmJldWxlbi1tZWlzdGVyLmRlXC9kZWxsZW50ZWNobmlrXC93cC1jb250ZW50XC91cGxvYWRzXC8yMDE5XC8wM1wvMjAxMzAzMDhfMTUzODI0LmpwZyIsInNsaWRlc2hvdyI6ImNlZDQxYzcifQ%3D%3D\" href='https:\/\/www.beulen-meister.de\/dellentechnik\/wp-content\/uploads\/2019\/03\/20130308_153824.jpg'><img decoding=\"async\" width=\"150\" height=\"150\" src=\"https:\/\/www.beulen-meister.de\/dellentechnik\/wp-content\/uploads\/2019\/03\/20130308_153824-150x150.jpg\" class=\"attachment-thumbnail size-thumbnail\" alt=\"\" srcset=\"https:\/\/www.beulen-meister.de\/dellentechnik\/wp-content\/uploads\/2019\/03\/20130308_153824-150x150.jpg 150w, https:\/\/www.beulen-meister.de\/dellentechnik\/wp-content\/uploads\/2019\/03\/20130308_153824-100x100.jpg 100w\" sizes=\"(max-width: 150px) 100vw, 150px\" \/><\/a>\n\t\t\t<\/div><\/figure><figure class='gallery-item'>\n\t\t\t<div class='gallery-icon landscape'>\n\t\t\t\t<a data-elementor-open-lightbox=\"yes\" data-elementor-lightbox-slideshow=\"ced41c7\" data-elementor-lightbox-title=\"20130308_164446\" data-e-action-hash=\"#elementor-action%3Aaction%3Dlightbox%26settings%3DeyJpZCI6MzQyLCJ1cmwiOiJodHRwczpcL1wvd3d3LmJldWxlbi1tZWlzdGVyLmRlXC9kZWxsZW50ZWNobmlrXC93cC1jb250ZW50XC91cGxvYWRzXC8yMDE5XC8wM1wvMjAxMzAzMDhfMTY0NDQ2LmpwZyIsInNsaWRlc2hvdyI6ImNlZDQxYzcifQ%3D%3D\" href='https:\/\/www.beulen-meister.de\/dellentechnik\/wp-content\/uploads\/2019\/03\/20130308_164446.jpg'><img decoding=\"async\" width=\"150\" height=\"150\" src=\"https:\/\/www.beulen-meister.de\/dellentechnik\/wp-content\/uploads\/2019\/03\/20130308_164446-150x150.jpg\" class=\"attachment-thumbnail size-thumbnail\" alt=\"\" srcset=\"https:\/\/www.beulen-meister.de\/dellentechnik\/wp-content\/uploads\/2019\/03\/20130308_164446-150x150.jpg 150w, https:\/\/www.beulen-meister.de\/dellentechnik\/wp-content\/uploads\/2019\/03\/20130308_164446-100x100.jpg 100w\" sizes=\"(max-width: 150px) 100vw, 150px\" \/><\/a>\n\t\t\t<\/div><\/figure><figure class='gallery-item'>\n\t\t\t<div class='gallery-icon landscape'>\n\t\t\t\t<a data-elementor-open-lightbox=\"yes\" data-elementor-lightbox-slideshow=\"ced41c7\" data-elementor-lightbox-title=\"20130409_172415\" data-e-action-hash=\"#elementor-action%3Aaction%3Dlightbox%26settings%3DeyJpZCI6ODMsInVybCI6Imh0dHBzOlwvXC93d3cuYmV1bGVuLW1laXN0ZXIuZGVcL2RlbGxlbnRlY2huaWtcL3dwLWNvbnRlbnRcL3VwbG9hZHNcLzIwMTlcLzAzXC8yMDEzMDQwOV8xNzI0MTUuanBnIiwic2xpZGVzaG93IjoiY2VkNDFjNyJ9\" href='https:\/\/www.beulen-meister.de\/dellentechnik\/wp-content\/uploads\/2019\/03\/20130409_172415.jpg'><img loading=\"lazy\" decoding=\"async\" width=\"150\" height=\"150\" src=\"https:\/\/www.beulen-meister.de\/dellentechnik\/wp-content\/uploads\/2019\/03\/20130409_172415-150x150.jpg\" class=\"attachment-thumbnail size-thumbnail\" alt=\"\" \/><\/a>\n\t\t\t<\/div><\/figure><figure class='gallery-item'>\n\t\t\t<div class='gallery-icon landscape'>\n\t\t\t\t<a data-elementor-open-lightbox=\"yes\" data-elementor-lightbox-slideshow=\"ced41c7\" data-elementor-lightbox-title=\"20130409_172447\" data-e-action-hash=\"#elementor-action%3Aaction%3Dlightbox%26settings%3DeyJpZCI6MzQ0LCJ1cmwiOiJodHRwczpcL1wvd3d3LmJldWxlbi1tZWlzdGVyLmRlXC9kZWxsZW50ZWNobmlrXC93cC1jb250ZW50XC91cGxvYWRzXC8yMDE5XC8wM1wvMjAxMzA0MDlfMTcyNDQ3LTEuanBnIiwic2xpZGVzaG93IjoiY2VkNDFjNyJ9\" href='https:\/\/www.beulen-meister.de\/dellentechnik\/wp-content\/uploads\/2019\/03\/20130409_172447-1.jpg'><img loading=\"lazy\" decoding=\"async\" width=\"150\" height=\"150\" src=\"https:\/\/www.beulen-meister.de\/dellentechnik\/wp-content\/uploads\/2019\/03\/20130409_172447-1-150x150.jpg\" class=\"attachment-thumbnail size-thumbnail\" alt=\"\" srcset=\"https:\/\/www.beulen-meister.de\/dellentechnik\/wp-content\/uploads\/2019\/03\/20130409_172447-1-150x150.jpg 150w, https:\/\/www.beulen-meister.de\/dellentechnik\/wp-content\/uploads\/2019\/03\/20130409_172447-1-100x100.jpg 100w\" sizes=\"(max-width: 150px) 100vw, 150px\" \/><\/a>\n\t\t\t<\/div><\/figure><figure class='gallery-item'>\n\t\t\t<div class='gallery-icon landscape'>\n\t\t\t\t<a data-elementor-open-lightbox=\"yes\" data-elementor-lightbox-slideshow=\"ced41c7\" data-elementor-lightbox-title=\"20130409_212503\" data-e-action-hash=\"#elementor-action%3Aaction%3Dlightbox%26settings%3DeyJpZCI6OTAsInVybCI6Imh0dHBzOlwvXC93d3cuYmV1bGVuLW1laXN0ZXIuZGVcL2RlbGxlbnRlY2huaWtcL3dwLWNvbnRlbnRcL3VwbG9hZHNcLzIwMTlcLzAzXC8yMDEzMDQwOV8yMTI1MDMuanBnIiwic2xpZGVzaG93IjoiY2VkNDFjNyJ9\" href='https:\/\/www.beulen-meister.de\/dellentechnik\/wp-content\/uploads\/2019\/03\/20130409_212503.jpg'><img loading=\"lazy\" decoding=\"async\" width=\"150\" height=\"150\" src=\"https:\/\/www.beulen-meister.de\/dellentechnik\/wp-content\/uploads\/2019\/03\/20130409_212503-150x150.jpg\" class=\"attachment-thumbnail size-thumbnail\" alt=\"\" \/><\/a>\n\t\t\t<\/div><\/figure>\n\t\t<\/div>\n\t\t<\/div>\n\t\t\t\t<\/div>\n\t\t\t\t<\/div>\n\t\t\t\t\t<\/div>\n\t\t<\/div>\n\t\t\t\t\t\t\t<\/div>\n\t\t<\/section>\n\t\t\t\t<section class=\"elementor-section elementor-top-section elementor-element elementor-element-f7cddf2 elementor-section-boxed elementor-section-height-default elementor-section-height-default\" data-id=\"f7cddf2\" data-element_type=\"section\">\n\t\t\t\t\t\t<div class=\"elementor-container elementor-column-gap-default\">\n\t\t\t\t\t<div class=\"elementor-column elementor-col-100 elementor-top-column elementor-element elementor-element-feb0e12\" data-id=\"feb0e12\" data-element_type=\"column\">\n\t\t\t<div class=\"elementor-widget-wrap elementor-element-populated\">\n\t\t\t\t\t\t\t\t<div class=\"elementor-element elementor-element-468c6ad elementor-widget elementor-widget-text-editor\" data-id=\"468c6ad\" data-element_type=\"widget\" data-widget_type=\"text-editor.default\">\n\t\t\t\t<div class=\"elementor-widget-container\">\n\t\t\t\t\t\t\t<p>Ihr Ansprechpartner in Sachen Smart Repair\u00a0<br \/>Dellentechnik H\u00fcllen\u00a0<br \/>54597 D &#8211; L\u00fcnebach<br \/>Auf Bornfeld 2<br \/>Tel. +49 (0)160-90287337<br \/>Mail: Dellen-Huellen@web.de<\/p>\t\t\t\t\t\t<\/div>\n\t\t\t\t<\/div>\n\t\t\t\t\t<\/div>\n\t\t<\/div>\n\t\t\t\t\t\t\t<\/div>\n\t\t<\/section>\n\t\t\t\t\t\t\t<\/div>\n\t\t","protected":false},"excerpt":{"rendered":"<p>Ihr Ansprechpartner in Sachen Smart Repair Wir arbeiten im\u00a0 Raum Pr\u00fcm\u00a0\/ Bitburg \/ Luxembourg \/ Belgien\u00a0kosteng\u00fcnstig und schnell. Unsere T\u00e4tigkeitsfelder: \u2713 Smart Repair sie sparen bis zu 1.000\u20ac gegen\u00fcber dem Standard \u2713 Hagelschaden \/ Parkrempler meist ohne Spachtel und Lackierarbeiten an Ihrem Auto \u2713 Ausbeulen auch von gr\u00f6\u00dferen Dellen an Fahrzeugen oder auch Motorradtanks \u2713 [&hellip;]<\/p>\n","protected":false},"author":1,"featured_media":0,"parent":0,"menu_order":0,"comment_status":"closed","ping_status":"closed","template":"page-template\/front-page.php","meta":{"_acf_changed":false,"ngg_post_thumbnail":0,"footnotes":""},"acf":[],"featured_image_urls":{"full":"","thumbnail":"","medium":"","medium_large":"","large":"","1536x1536":"","2048x2048":"","automobile-hub-featured-image":"","automobile-hub-thumbnail-avatar":""},"post_excerpt_stackable":"<p>Ihr Ansprechpartner in Sachen Smart Repair Wir arbeiten im\u00a0 Raum Pr\u00fcm\u00a0\/ Bitburg \/ Luxembourg \/ Belgien\u00a0kosteng\u00fcnstig und schnell.Unsere T\u00e4tigkeitsfelder:\u2713 Smart Repair sie sparen bis zu 1.000\u20ac gegen\u00fcber dem Standard\u2713 Hagelschaden \/ Parkrempler meist ohne Spachtel und Lackierarbeiten an Ihrem Auto\u2713 Ausbeulen auch von gr\u00f6\u00dferen Dellen an Fahrzeugen oder auch Motorradtanks\u2713 Unsere Reparaturmethoden sind von KFZ Versicherungen anerkannt\u2713 Leichte Kratzer entfernen\u2713 Fahrzeugaufbereitung, innen und au\u00dfenSmart Repair, ist eine preiswerte Art der Fahrzeugaufbereitung.Wir haben \u00fcber 20 Jahren Erfahrung mit dem Verfahren Dellentechnik (ausbeulen ohne lackieren), und reihen uns mit Stolz in die Zunft der Dellendoktoren ein.Sehr oft sind Dellen und Beulen an&hellip;<\/p>\n","category_list":"","author_info":{"name":"HaHue","url":"https:\/\/www.beulen-meister.de\/dellentechnik\/author\/hahue\/"},"comments_num":"0 comments","featured_image_urls_v2":{"full":"","thumbnail":"","medium":"","medium_large":"","large":"","1536x1536":"","2048x2048":"","automobile-hub-featured-image":"","automobile-hub-thumbnail-avatar":""},"post_excerpt_stackable_v2":"<p>Ihr Ansprechpartner in Sachen Smart Repair Wir arbeiten im\u00a0 Raum Pr\u00fcm\u00a0\/ Bitburg \/ Luxembourg \/ Belgien\u00a0kosteng\u00fcnstig und schnell.Unsere T\u00e4tigkeitsfelder:\u2713 Smart Repair sie sparen bis zu 1.000\u20ac gegen\u00fcber dem Standard\u2713 Hagelschaden \/ Parkrempler meist ohne Spachtel und Lackierarbeiten an Ihrem Auto\u2713 Ausbeulen auch von gr\u00f6\u00dferen Dellen an Fahrzeugen oder auch Motorradtanks\u2713 Unsere Reparaturmethoden sind von KFZ Versicherungen anerkannt\u2713 Leichte Kratzer entfernen\u2713 Fahrzeugaufbereitung, innen und au\u00dfenSmart Repair, ist eine preiswerte Art der Fahrzeugaufbereitung.Wir haben \u00fcber 20 Jahren Erfahrung mit dem Verfahren Dellentechnik (ausbeulen ohne lackieren), und reihen uns mit Stolz in die Zunft der Dellendoktoren ein.Sehr oft sind Dellen und Beulen an&hellip;<\/p>\n","category_list_v2":"","author_info_v2":{"name":"HaHue","url":"https:\/\/www.beulen-meister.de\/dellentechnik\/author\/hahue\/"},"comments_num_v2":"0 comments","_links":{"self":[{"href":"https:\/\/www.beulen-meister.de\/dellentechnik\/wp-json\/wp\/v2\/pages\/270"}],"collection":[{"href":"https:\/\/www.beulen-meister.de\/dellentechnik\/wp-json\/wp\/v2\/pages"}],"about":[{"href":"https:\/\/www.beulen-meister.de\/dellentechnik\/wp-json\/wp\/v2\/types\/page"}],"author":[{"embeddable":true,"href":"https:\/\/www.beulen-meister.de\/dellentechnik\/wp-json\/wp\/v2\/users\/1"}],"replies":[{"embeddable":true,"href":"https:\/\/www.beulen-meister.de\/dellentechnik\/wp-json\/wp\/v2\/comments?post=270"}],"version-history":[{"count":152,"href":"https:\/\/www.beulen-meister.de\/dellentechnik\/wp-json\/wp\/v2\/pages\/270\/revisions"}],"predecessor-version":[{"id":542,"href":"https:\/\/www.beulen-meister.de\/dellentechnik\/wp-json\/wp\/v2\/pages\/270\/revisions\/542"}],"wp:attachment":[{"href":"https:\/\/www.beulen-meister.de\/dellentechnik\/wp-json\/wp\/v2\/media?parent=270"}],"curies":[{"name":"wp","href":"https:\/\/api.w.org\/{rel}","templated":true}]}}